{"id":153,"date":"2023-03-06T22:45:29","date_gmt":"2023-03-06T22:45:29","guid":{"rendered":"https:\/\/cristorey.com.co\/?page_id=153"},"modified":"2023-03-06T23:09:46","modified_gmt":"2023-03-06T23:09:46","slug":"trabajo-social","status":"publish","type":"page","link":"https:\/\/cristorey.com.co\/?page_id=153","title":{"rendered":"Trabajo Social"},"content":{"rendered":"<p>[et_pb_section fb_built=\u00bb1&#8243; custom_padding_last_edited=\u00bboff|desktop\u00bb next_background_color=\u00bb#ffffff\u00bb admin_label=\u00bbHeader\u00bb _builder_version=\u00bb4.20.0&#8243; _module_preset=\u00bbdefault\u00bb background_enable_color=\u00bboff\u00bb use_background_color_gradient=\u00bbon\u00bb background_color_gradient_stops=\u00bb#ffffff 0%|#29c4a9 100%\u00bb background_color_gradient_overlays_image=\u00bbon\u00bb background_image=\u00bbhttps:\/\/cristorey.com.co\/wp-content\/uploads\/2023\/03\/Chess-Club_Pattern_100-Golden.png\u00bb background_size=\u00bbinitial\u00bb background_repeat=\u00bbrepeat\u00bb background_enable_pattern_style=\u00bbon\u00bb background_pattern_style=\u00bbcrosses\u00bb background_pattern_color=\u00bbrgba(0,0,0,0.75)\u00bb background_pattern_size=\u00bbcustom\u00bb background_pattern_width=\u00bb377px\u00bb background_pattern_blend_mode=\u00bbsoft-light\u00bb custom_margin=\u00bb||0vw||false|false\u00bb custom_padding=\u00bb||114px||false|false\u00bb custom_padding_tablet=\u00bb||24vw||false|false\u00bb bottom_divider_style=\u00bbarrow\u00bb bottom_divider_height=\u00bb12vw\u00bb global_colors_info=\u00bb{}\u00bb theme_builder_area=\u00bbpost_content\u00bb][et_pb_row column_structure=\u00bb1_2,1_2&#8243; module_id=\u00bbfundacion\u00bb _builder_version=\u00bb4.20.0&#8243; _module_preset=\u00bbdefault\u00bb global_colors_info=\u00bb{}\u00bb theme_builder_area=\u00bbpost_content\u00bb][et_pb_column type=\u00bb1_2&#8243; _builder_version=\u00bb4.16&#8243; _module_preset=\u00bbdefault\u00bb z_index=\u00bb12&#8243; global_colors_info=\u00bb{}\u00bb theme_builder_area=\u00bbpost_content\u00bb][et_pb_text _builder_version=\u00bb4.20.0&#8243; _module_preset=\u00bb83d94e9b-bff8-4c15-9e33-e7b1a7a21887&#8243; header_font=\u00bbCormorant Garamond||||||||\u00bb header_2_font=\u00bbCormorant Garamond|700||on|||||\u00bb header_2_text_color=\u00bb#111821&#8243; header_2_font_size=\u00bb64px\u00bb header_2_line_height=\u00bb1.1em\u00bb custom_margin=\u00bb||10px||false|false\u00bb hover_enabled=\u00bb0&#8243; header_2_font_size_tablet=\u00bb32px\u00bb header_2_font_size_phone=\u00bb20px\u00bb header_2_font_size_last_edited=\u00bbon|phone\u00bb locked=\u00bboff\u00bb global_colors_info=\u00bb{}\u00bb sticky_enabled=\u00bb0&#8243; theme_builder_area=\u00bbpost_content\u00bb]<\/p>\n<h2><span style=\"color: #273475;\">tRABAJO SOCIAL:<\/span><\/h2>\n<p>[\/et_pb_text][et_pb_text _builder_version=\u00bb4.20.0&#8243; _module_preset=\u00bbdefault\u00bb theme_builder_area=\u00bbpost_content\u00bb hover_enabled=\u00bb0&#8243; sticky_enabled=\u00bb0&#8243; text_text_color=\u00bb#273475&#8243;]<\/p>\n<p><span>Nuestro compromiso con la atenci\u00f3n integral a los ni\u00f1os en su primera infancia.<\/span><\/p>\n<p>\u00a1Bienvenidos a nuestra galer\u00eda de fotos! Aqu\u00ed podr\u00e1n ver algunos de los momentos m\u00e1s memorables y significativos de nuestra fundaci\u00f3n. Cada imagen cuenta una historia \u00fanica sobre c\u00f3mo trabajamos arduamente para brindar atenci\u00f3n integral a los ni\u00f1os en su primera infancia.<\/p>\n<p>Desde momentos llenos de alegr\u00eda y diversi\u00f3n hasta situaciones m\u00e1s serias en las que brindamos apoyo emocional y f\u00edsico, cada foto muestra el impacto que tenemos en la vida de los ni\u00f1os y sus familias. Esperamos que estas im\u00e1genes los inspiren a unirse a nuestra causa y a apoyar nuestra misi\u00f3n de brindar un futuro brillante y lleno de promesas a los ni\u00f1os.<\/p>\n<p><span>Si desean conocer m\u00e1s sobre nuestra fundaci\u00f3n o c\u00f3mo pueden ayudar, no duden en ponerse en contacto con nosotros.<\/span><\/p>\n<p>[\/et_pb_text][et_pb_image src=\u00bbhttps:\/\/cristorey.com.co\/wp-content\/uploads\/2023\/03\/WhatsApp-Image-2023-02-23-at-7.14.27-PM-1.jpeg\u00bb title_text=\u00bbWhatsApp Image 2023-02-23 at 7.14.27 PM (1)\u00bb _builder_version=\u00bb4.20.0&#8243; _module_preset=\u00bbdefault\u00bb custom_margin=\u00bb||10px||false|false\u00bb border_radii=\u00bbon|25px|25px|25px|25px\u00bb border_width_all=\u00bb9px\u00bb border_color_all=\u00bb#283475&#8243; locked=\u00bboff\u00bb global_colors_info=\u00bb{}\u00bb theme_builder_area=\u00bbpost_content\u00bb][\/et_pb_image][et_pb_image src=\u00bbhttps:\/\/cristorey.com.co\/wp-content\/uploads\/2023\/03\/WhatsApp-Image-2023-02-23-at-7.14.27-PM.jpeg\u00bb title_text=\u00bbWhatsApp Image 2023-02-23 at 7.14.27 PM\u00bb _builder_version=\u00bb4.20.0&#8243; _module_preset=\u00bbdefault\u00bb custom_margin=\u00bb28px||0px||false|false\u00bb border_radii=\u00bbon|25px|25px|25px|25px\u00bb border_width_all=\u00bb9px\u00bb border_color_all=\u00bb#283475&#8243; locked=\u00bboff\u00bb global_colors_info=\u00bb{}\u00bb theme_builder_area=\u00bbpost_content\u00bb][\/et_pb_image][et_pb_image src=\u00bbhttps:\/\/cristorey.com.co\/wp-content\/uploads\/2023\/03\/WhatsApp-Image-2023-02-23-at-7.14.28-PM-1.jpeg\u00bb title_text=\u00bbWhatsApp Image 2023-02-23 at 7.14.28 PM (1)\u00bb _builder_version=\u00bb4.20.0&#8243; _module_preset=\u00bbdefault\u00bb custom_margin=\u00bb28px||0px||false|false\u00bb border_radii=\u00bbon|25px|25px|25px|25px\u00bb border_width_all=\u00bb9px\u00bb border_color_all=\u00bb#283475&#8243; locked=\u00bboff\u00bb global_colors_info=\u00bb{}\u00bb theme_builder_area=\u00bbpost_content\u00bb][\/et_pb_image][et_pb_image src=\u00bbhttps:\/\/cristorey.com.co\/wp-content\/uploads\/2023\/03\/WhatsApp-Image-2023-02-23-at-7.14.28-PM-2.jpeg\u00bb title_text=\u00bbWhatsApp Image 2023-02-23 at 7.14.28 PM (2)\u00bb _builder_version=\u00bb4.20.0&#8243; _module_preset=\u00bbdefault\u00bb custom_margin=\u00bb28px||0px||false|false\u00bb border_radii=\u00bbon|25px|25px|25px|25px\u00bb border_width_all=\u00bb9px\u00bb border_color_all=\u00bb#283475&#8243; locked=\u00bboff\u00bb global_colors_info=\u00bb{}\u00bb theme_builder_area=\u00bbpost_content\u00bb][\/et_pb_image][et_pb_image src=\u00bbhttps:\/\/cristorey.com.co\/wp-content\/uploads\/2023\/03\/WhatsApp-Image-2023-02-23-at-7.14.28-PM.jpeg\u00bb title_text=\u00bbWhatsApp Image 2023-02-23 at 7.14.28 PM\u00bb _builder_version=\u00bb4.20.0&#8243; _module_preset=\u00bbdefault\u00bb custom_margin=\u00bb28px||0px||false|false\u00bb border_radii=\u00bbon|25px|25px|25px|25px\u00bb border_width_all=\u00bb9px\u00bb border_color_all=\u00bb#283475&#8243; locked=\u00bboff\u00bb global_colors_info=\u00bb{}\u00bb theme_builder_area=\u00bbpost_content\u00bb][\/et_pb_image][et_pb_image src=\u00bbhttps:\/\/cristorey.com.co\/wp-content\/uploads\/2023\/03\/WhatsApp-Image-2023-02-23-at-7.14.47-PM.jpeg\u00bb title_text=\u00bbWhatsApp Image 2023-02-23 at 7.14.47 PM\u00bb _builder_version=\u00bb4.20.0&#8243; _module_preset=\u00bbdefault\u00bb custom_margin=\u00bb28px||0px||false|false\u00bb border_radii=\u00bbon|25px|25px|25px|25px\u00bb border_width_all=\u00bb9px\u00bb border_color_all=\u00bb#283475&#8243; locked=\u00bboff\u00bb global_colors_info=\u00bb{}\u00bb theme_builder_area=\u00bbpost_content\u00bb][\/et_pb_image][et_pb_image src=\u00bbhttps:\/\/cristorey.com.co\/wp-content\/uploads\/2023\/03\/WhatsApp-Image-2023-02-23-at-7.14.48-PM-1.jpeg\u00bb title_text=\u00bbWhatsApp Image 2023-02-23 at 7.14.48 PM (1)\u00bb _builder_version=\u00bb4.20.0&#8243; _module_preset=\u00bbdefault\u00bb custom_margin=\u00bb28px||0px||false|false\u00bb border_radii=\u00bbon|25px|25px|25px|25px\u00bb border_width_all=\u00bb9px\u00bb border_color_all=\u00bb#283475&#8243; locked=\u00bboff\u00bb global_colors_info=\u00bb{}\u00bb theme_builder_area=\u00bbpost_content\u00bb][\/et_pb_image][et_pb_image src=\u00bbhttps:\/\/cristorey.com.co\/wp-content\/uploads\/2023\/03\/WhatsApp-Image-2023-02-23-at-7.15.28-PM-1.jpeg\u00bb title_text=\u00bbWhatsApp Image 2023-02-23 at 7.15.28 PM (1)\u00bb _builder_version=\u00bb4.20.0&#8243; _module_preset=\u00bbdefault\u00bb custom_margin=\u00bb28px||0px||false|false\u00bb border_radii=\u00bbon|25px|25px|25px|25px\u00bb border_width_all=\u00bb9px\u00bb border_color_all=\u00bb#283475&#8243; locked=\u00bboff\u00bb global_colors_info=\u00bb{}\u00bb theme_builder_area=\u00bbpost_content\u00bb][\/et_pb_image][et_pb_image src=\u00bbhttps:\/\/cristorey.com.co\/wp-content\/uploads\/2023\/03\/WhatsApp-Image-2023-02-23-at-7.15.28-PM-3.jpeg\u00bb title_text=\u00bbWhatsApp Image 2023-02-23 at 7.15.28 PM (3)\u00bb _builder_version=\u00bb4.20.0&#8243; _module_preset=\u00bbdefault\u00bb custom_margin=\u00bb28px||0px||false|false\u00bb border_radii=\u00bbon|25px|25px|25px|25px\u00bb border_width_all=\u00bb9px\u00bb border_color_all=\u00bb#283475&#8243; locked=\u00bboff\u00bb global_colors_info=\u00bb{}\u00bb theme_builder_area=\u00bbpost_content\u00bb][\/et_pb_image][et_pb_image src=\u00bbhttps:\/\/cristorey.com.co\/wp-content\/uploads\/2023\/03\/WhatsApp-Image-2023-02-23-at-7.15.28-PM-3.jpeg\u00bb title_text=\u00bbWhatsApp Image 2023-02-23 at 7.15.28 PM (3)\u00bb _builder_version=\u00bb4.20.0&#8243; _module_preset=\u00bbdefault\u00bb custom_margin=\u00bb28px||0px||false|false\u00bb border_radii=\u00bbon|25px|25px|25px|25px\u00bb border_width_all=\u00bb9px\u00bb border_color_all=\u00bb#283475&#8243; locked=\u00bboff\u00bb global_colors_info=\u00bb{}\u00bb theme_builder_area=\u00bbpost_content\u00bb][\/et_pb_image][et_pb_image src=\u00bbhttps:\/\/cristorey.com.co\/wp-content\/uploads\/2023\/03\/WhatsApp-Image-2023-02-24-at-2.35.01-PM-1.jpeg\u00bb title_text=\u00bbWhatsApp Image 2023-02-24 at 2.35.01 PM (1)\u00bb _builder_version=\u00bb4.20.0&#8243; _module_preset=\u00bbdefault\u00bb custom_margin=\u00bb28px||0px||false|false\u00bb border_radii=\u00bbon|25px|25px|25px|25px\u00bb border_width_all=\u00bb9px\u00bb border_color_all=\u00bb#283475&#8243; locked=\u00bboff\u00bb global_colors_info=\u00bb{}\u00bb theme_builder_area=\u00bbpost_content\u00bb][\/et_pb_image][et_pb_image src=\u00bbhttps:\/\/cristorey.com.co\/wp-content\/uploads\/2023\/03\/WhatsApp-Image-2023-02-24-at-2.35.01-PM.jpeg\u00bb title_text=\u00bbWhatsApp Image 2023-02-24 at 2.35.01 PM\u00bb _builder_version=\u00bb4.20.0&#8243; _module_preset=\u00bbdefault\u00bb custom_margin=\u00bb28px||0px||false|false\u00bb border_radii=\u00bbon|25px|25px|25px|25px\u00bb border_width_all=\u00bb9px\u00bb border_color_all=\u00bb#283475&#8243; locked=\u00bboff\u00bb global_colors_info=\u00bb{}\u00bb theme_builder_area=\u00bbpost_content\u00bb][\/et_pb_image][\/et_pb_column][et_pb_column type=\u00bb1_2&#8243; _builder_version=\u00bb4.16&#8243; _module_preset=\u00bbdefault\u00bb background_image=\u00bbhttps:\/\/cristorey.com.co\/wp-content\/uploads\/2023\/03\/Chess-Club_Pattern_50-Golden.png\u00bb background_size=\u00bbinitial\u00bb background_repeat=\u00bbrepeat\u00bb custom_padding=\u00bb40px|20px|40px|20px|true|true\u00bb global_colors_info=\u00bb{}\u00bb theme_builder_area=\u00bbpost_content\u00bb][et_pb_image src=\u00bbhttps:\/\/cristorey.com.co\/wp-content\/uploads\/2023\/03\/WhatsApp-Image-2023-02-23-at-7.14.26-PM.jpeg\u00bb title_text=\u00bbWhatsApp Image 2023-02-23 at 7.14.26 PM\u00bb _builder_version=\u00bb4.20.0&#8243; _module_preset=\u00bbdefault\u00bb max_width=\u00bb500px\u00bb border_radii=\u00bbon|25px|25px|25px|25px\u00bb border_width_all=\u00bb9px\u00bb border_color_all=\u00bb#283475&#8243; locked=\u00bboff\u00bb global_colors_info=\u00bb{}\u00bb theme_builder_area=\u00bbpost_content\u00bb][\/et_pb_image][et_pb_image src=\u00bbhttps:\/\/cristorey.com.co\/wp-content\/uploads\/2023\/03\/WhatsApp-Image-2023-02-23-at-7.14.27-PM-2.jpeg\u00bb title_text=\u00bbWhatsApp Image 2023-02-23 at 7.14.27 PM (2)\u00bb _builder_version=\u00bb4.20.0&#8243; _module_preset=\u00bbdefault\u00bb max_width=\u00bb500px\u00bb border_radii=\u00bbon|25px|25px|25px|25px\u00bb border_width_all=\u00bb9px\u00bb border_color_all=\u00bb#283475&#8243; locked=\u00bboff\u00bb global_colors_info=\u00bb{}\u00bb theme_builder_area=\u00bbpost_content\u00bb][\/et_pb_image][et_pb_image src=\u00bbhttps:\/\/cristorey.com.co\/wp-content\/uploads\/2023\/03\/WhatsApp-Image-2023-02-23-at-7.14.27-PM-3.jpeg\u00bb title_text=\u00bbWhatsApp Image 2023-02-23 at 7.14.27 PM (3)\u00bb _builder_version=\u00bb4.20.0&#8243; _module_preset=\u00bbdefault\u00bb max_width=\u00bb500px\u00bb border_radii=\u00bbon|25px|25px|25px|25px\u00bb border_width_all=\u00bb9px\u00bb border_color_all=\u00bb#283475&#8243; locked=\u00bboff\u00bb global_colors_info=\u00bb{}\u00bb theme_builder_area=\u00bbpost_content\u00bb][\/et_pb_image][et_pb_image src=\u00bbhttps:\/\/cristorey.com.co\/wp-content\/uploads\/2023\/03\/WhatsApp-Image-2023-02-23-at-7.14.28-PM-3.jpeg\u00bb title_text=\u00bbWhatsApp Image 2023-02-23 at 7.14.28 PM (3)\u00bb _builder_version=\u00bb4.20.0&#8243; _module_preset=\u00bbdefault\u00bb max_width=\u00bb500px\u00bb border_radii=\u00bbon|25px|25px|25px|25px\u00bb border_width_all=\u00bb9px\u00bb border_color_all=\u00bb#283475&#8243; locked=\u00bboff\u00bb global_colors_info=\u00bb{}\u00bb theme_builder_area=\u00bbpost_content\u00bb][\/et_pb_image][et_pb_image src=\u00bbhttps:\/\/cristorey.com.co\/wp-content\/uploads\/2023\/03\/WhatsApp-Image-2023-02-23-at-7.14.48-PM.jpeg\u00bb title_text=\u00bbWhatsApp Image 2023-02-23 at 7.14.48 PM\u00bb _builder_version=\u00bb4.20.0&#8243; _module_preset=\u00bbdefault\u00bb max_width=\u00bb500px\u00bb border_radii=\u00bbon|25px|25px|25px|25px\u00bb border_width_all=\u00bb9px\u00bb border_color_all=\u00bb#283475&#8243; locked=\u00bboff\u00bb global_colors_info=\u00bb{}\u00bb theme_builder_area=\u00bbpost_content\u00bb][\/et_pb_image][et_pb_image src=\u00bbhttps:\/\/cristorey.com.co\/wp-content\/uploads\/2023\/03\/WhatsApp-Image-2023-02-23-at-7.15.28-PM-2.jpeg\u00bb title_text=\u00bbWhatsApp Image 2023-02-23 at 7.15.28 PM (2)\u00bb _builder_version=\u00bb4.20.0&#8243; _module_preset=\u00bbdefault\u00bb max_width=\u00bb500px\u00bb border_radii=\u00bbon|25px|25px|25px|25px\u00bb border_width_all=\u00bb9px\u00bb border_color_all=\u00bb#283475&#8243; locked=\u00bboff\u00bb global_colors_info=\u00bb{}\u00bb theme_builder_area=\u00bbpost_content\u00bb][\/et_pb_image][et_pb_image src=\u00bbhttps:\/\/cristorey.com.co\/wp-content\/uploads\/2023\/03\/WhatsApp-Image-2023-02-23-at-7.15.28-PM.jpeg\u00bb title_text=\u00bbWhatsApp Image 2023-02-23 at 7.15.28 PM\u00bb _builder_version=\u00bb4.20.0&#8243; _module_preset=\u00bbdefault\u00bb max_width=\u00bb500px\u00bb border_radii=\u00bbon|25px|25px|25px|25px\u00bb border_width_all=\u00bb9px\u00bb border_color_all=\u00bb#283475&#8243; locked=\u00bboff\u00bb global_colors_info=\u00bb{}\u00bb theme_builder_area=\u00bbpost_content\u00bb][\/et_pb_image][et_pb_image src=\u00bbhttps:\/\/cristorey.com.co\/wp-content\/uploads\/2023\/03\/WhatsApp-Image-2023-02-23-at-7.17.17-PM.jpeg\u00bb title_text=\u00bbWhatsApp Image 2023-02-23 at 7.17.17 PM\u00bb _builder_version=\u00bb4.20.0&#8243; _module_preset=\u00bbdefault\u00bb max_width=\u00bb500px\u00bb border_radii=\u00bbon|25px|25px|25px|25px\u00bb border_width_all=\u00bb9px\u00bb border_color_all=\u00bb#283475&#8243; locked=\u00bboff\u00bb global_colors_info=\u00bb{}\u00bb theme_builder_area=\u00bbpost_content\u00bb][\/et_pb_image][et_pb_image src=\u00bbhttps:\/\/cristorey.com.co\/wp-content\/uploads\/2023\/03\/WhatsApp-Image-2023-02-24-at-2.35.01-PM-2.jpeg\u00bb title_text=\u00bbWhatsApp Image 2023-02-24 at 2.35.01 PM (2)\u00bb _builder_version=\u00bb4.20.0&#8243; _module_preset=\u00bbdefault\u00bb max_width=\u00bb500px\u00bb border_radii=\u00bbon|25px|25px|25px|25px\u00bb border_width_all=\u00bb9px\u00bb border_color_all=\u00bb#283475&#8243; locked=\u00bboff\u00bb global_colors_info=\u00bb{}\u00bb theme_builder_area=\u00bbpost_content\u00bb][\/et_pb_image][et_pb_image src=\u00bbhttps:\/\/cristorey.com.co\/wp-content\/uploads\/2023\/03\/WhatsApp-Image-2023-02-24-at-2.35.00-PM.jpeg\u00bb title_text=\u00bbWhatsApp Image 2023-02-24 at 2.35.00 PM\u00bb _builder_version=\u00bb4.20.0&#8243; _module_preset=\u00bbdefault\u00bb max_width=\u00bb500px\u00bb border_radii=\u00bbon|25px|25px|25px|25px\u00bb border_width_all=\u00bb9px\u00bb border_color_all=\u00bb#283475&#8243; locked=\u00bboff\u00bb global_colors_info=\u00bb{}\u00bb theme_builder_area=\u00bbpost_content\u00bb][\/et_pb_image][\/et_pb_column][\/et_pb_row][\/et_pb_section]<\/p>\n","protected":false},"excerpt":{"rendered":"<p>tRABAJO SOCIAL:Nuestro compromiso con la atenci\u00f3n integral a los ni\u00f1os en su primera infancia. \u00a1Bienvenidos a nuestra galer\u00eda de fotos! Aqu\u00ed podr\u00e1n ver algunos de los momentos m\u00e1s memorables y significativos de nuestra fundaci\u00f3n. Cada imagen cuenta una historia \u00fanica sobre c\u00f3mo trabajamos arduamente para brindar atenci\u00f3n integral a los ni\u00f1os en su primera infancia. [&hellip;]<\/p>\n","protected":false},"author":1,"featured_media":0,"parent":0,"menu_order":0,"comment_status":"closed","ping_status":"closed","template":"","meta":{"_et_pb_use_builder":"on","_et_pb_old_content":"","_et_gb_content_width":"","footnotes":""},"class_list":["post-153","page","type-page","status-publish","hentry"],"_links":{"self":[{"href":"https:\/\/cristorey.com.co\/index.php?rest_route=\/wp\/v2\/pages\/153","targetHints":{"allow":["GET"]}}],"collection":[{"href":"https:\/\/cristorey.com.co\/index.php?rest_route=\/wp\/v2\/pages"}],"about":[{"href":"https:\/\/cristorey.com.co\/index.php?rest_route=\/wp\/v2\/types\/page"}],"author":[{"embeddable":true,"href":"https:\/\/cristorey.com.co\/index.php?rest_route=\/wp\/v2\/users\/1"}],"replies":[{"embeddable":true,"href":"https:\/\/cristorey.com.co\/index.php?rest_route=%2Fwp%2Fv2%2Fcomments&post=153"}],"version-history":[{"count":5,"href":"https:\/\/cristorey.com.co\/index.php?rest_route=\/wp\/v2\/pages\/153\/revisions"}],"predecessor-version":[{"id":164,"href":"https:\/\/cristorey.com.co\/index.php?rest_route=\/wp\/v2\/pages\/153\/revisions\/164"}],"wp:attachment":[{"href":"https:\/\/cristorey.com.co\/index.php?rest_route=%2Fwp%2Fv2%2Fmedia&parent=153"}],"curies":[{"name":"wp","href":"https:\/\/api.w.org\/{rel}","templated":true}]}}