{"id":119,"date":"2023-03-06T17:05:20","date_gmt":"2023-03-06T17:05:20","guid":{"rendered":"https:\/\/cristorey.com.co\/?page_id=119"},"modified":"2023-03-06T23:30:00","modified_gmt":"2023-03-06T23:30:00","slug":"vision","status":"publish","type":"page","link":"https:\/\/cristorey.com.co\/?page_id=119","title":{"rendered":"Visi\u00f3n"},"content":{"rendered":"<p>[et_pb_section fb_built=\u00bb1&#8243; custom_padding_last_edited=\u00bboff|desktop\u00bb next_background_color=\u00bb#ffffff\u00bb admin_label=\u00bbHeader\u00bb _builder_version=\u00bb4.20.0&#8243; _module_preset=\u00bbdefault\u00bb background_enable_color=\u00bboff\u00bb use_background_color_gradient=\u00bbon\u00bb background_color_gradient_stops=\u00bb#ffffff 0%|#29c4a9 100%\u00bb background_color_gradient_overlays_image=\u00bbon\u00bb background_image=\u00bbhttps:\/\/cristorey.com.co\/wp-content\/uploads\/2023\/03\/Chess-Club_Pattern_100-Golden.png\u00bb background_size=\u00bbinitial\u00bb background_repeat=\u00bbrepeat\u00bb background_enable_pattern_style=\u00bbon\u00bb background_pattern_style=\u00bbcrosses\u00bb background_pattern_color=\u00bbrgba(0,0,0,0.75)\u00bb background_pattern_size=\u00bbcustom\u00bb background_pattern_width=\u00bb377px\u00bb background_pattern_blend_mode=\u00bbsoft-light\u00bb custom_margin=\u00bb||12vw||false|false\u00bb custom_padding=\u00bb||0px||false|false\u00bb custom_padding_tablet=\u00bb||24vw||false|false\u00bb bottom_divider_style=\u00bbarrow\u00bb bottom_divider_height=\u00bb12vw\u00bb hover_enabled=\u00bb0&#8243; global_colors_info=\u00bb{}\u00bb sticky_enabled=\u00bb0&#8243;][et_pb_row _builder_version=\u00bb4.20.0&#8243; _module_preset=\u00bbdefault\u00bb hover_enabled=\u00bb0&#8243; global_colors_info=\u00bb{}\u00bb custom_padding=\u00bb||169px|||\u00bb sticky_enabled=\u00bb0&#8243;][et_pb_column type=\u00bb4_4&#8243; _builder_version=\u00bb4.16&#8243; _module_preset=\u00bbdefault\u00bb z_index=\u00bb12&#8243; global_colors_info=\u00bb{}\u00bb][et_pb_text _builder_version=\u00bb4.20.0&#8243; _module_preset=\u00bb83d94e9b-bff8-4c15-9e33-e7b1a7a21887&#8243; header_font=\u00bbCormorant Garamond||||||||\u00bb header_2_font=\u00bbCormorant Garamond|700||on|||||\u00bb header_2_text_color=\u00bb#111821&#8243; header_2_font_size=\u00bb64px\u00bb header_2_line_height=\u00bb1.1em\u00bb custom_margin=\u00bb||10px||false|false\u00bb header_2_font_size_tablet=\u00bb32px\u00bb header_2_font_size_phone=\u00bb20px\u00bb header_2_font_size_last_edited=\u00bbon|phone\u00bb locked=\u00bboff\u00bb global_colors_info=\u00bb{}\u00bb]<\/p>\n<h2><span style=\"color: #273475;\">Nuestra<\/span><\/h2>\n<h2><span style=\"color: #273475;\"> Visi\u00f3n<\/span><\/h2>\n<p>[\/et_pb_text][et_pb_text _builder_version=\u00bb4.16&#8243; _module_preset=\u00bb102bef9d-a6b9-41f0-af77-1ed5b7bd0593&#8243; text_font=\u00bbHind||||||||\u00bb text_text_color=\u00bb#999999&#8243; text_font_size=\u00bb16px\u00bb text_line_height=\u00bb1.8em\u00bb text_font_size_tablet=\u00bb15px\u00bb text_font_size_phone=\u00bb14px\u00bb text_font_size_last_edited=\u00bbon|desktop\u00bb locked=\u00bboff\u00bb global_colors_info=\u00bb{}\u00bb]<\/p>\n<p><span style=\"color: #273475;\">En el a\u00f1o 2025, la fundaci\u00f3n Educativa Cristo Rey ser\u00e1 una organizaci\u00f3n l\u00edder en el trabajo encaminado a lograr el reconocimiento y el respeto por los derechos de los ni\u00f1os, su atenci\u00f3n y formaci\u00f3n integral, as\u00ed como el fortalecimiento de sus familias y de las comunidades.<\/span><\/p>\n<p>[\/et_pb_text][\/et_pb_column][\/et_pb_row][\/et_pb_section]<\/p>\n","protected":false},"excerpt":{"rendered":"<p>Nuestra Visi\u00f3nEn el a\u00f1o 2025, la fundaci\u00f3n Educativa Cristo Rey ser\u00e1 una organizaci\u00f3n l\u00edder en el trabajo encaminado a lograr el reconocimiento y el respeto por los derechos de los ni\u00f1os, su atenci\u00f3n y formaci\u00f3n integral, as\u00ed como el fortalecimiento de sus familias y de las comunidades.<\/p>\n","protected":false},"author":1,"featured_media":0,"parent":0,"menu_order":0,"comment_status":"closed","ping_status":"closed","template":"","meta":{"_et_pb_use_builder":"on","_et_pb_old_content":"","_et_gb_content_width":"","footnotes":""},"class_list":["post-119","page","type-page","status-publish","hentry"],"_links":{"self":[{"href":"https:\/\/cristorey.com.co\/index.php?rest_route=\/wp\/v2\/pages\/119","targetHints":{"allow":["GET"]}}],"collection":[{"href":"https:\/\/cristorey.com.co\/index.php?rest_route=\/wp\/v2\/pages"}],"about":[{"href":"https:\/\/cristorey.com.co\/index.php?rest_route=\/wp\/v2\/types\/page"}],"author":[{"embeddable":true,"href":"https:\/\/cristorey.com.co\/index.php?rest_route=\/wp\/v2\/users\/1"}],"replies":[{"embeddable":true,"href":"https:\/\/cristorey.com.co\/index.php?rest_route=%2Fwp%2Fv2%2Fcomments&post=119"}],"version-history":[{"count":4,"href":"https:\/\/cristorey.com.co\/index.php?rest_route=\/wp\/v2\/pages\/119\/revisions"}],"predecessor-version":[{"id":167,"href":"https:\/\/cristorey.com.co\/index.php?rest_route=\/wp\/v2\/pages\/119\/revisions\/167"}],"wp:attachment":[{"href":"https:\/\/cristorey.com.co\/index.php?rest_route=%2Fwp%2Fv2%2Fmedia&parent=119"}],"curies":[{"name":"wp","href":"https:\/\/api.w.org\/{rel}","templated":true}]}}